{"id":4286,"date":"2022-11-15T14:51:47","date_gmt":"2022-11-15T12:51:47","guid":{"rendered":"http:\/\/www.tiralarcpoissy.com\/wp\/?page_id=4286"},"modified":"2024-10-20T18:41:01","modified_gmt":"2024-10-20T16:41:01","slug":"entrainement-groupe-developpement","status":"publish","type":"page","link":"https:\/\/www.tiralarcpoissy.com\/wp\/espace-members\/entrainement-groupe-developpement\/","title":{"rendered":"Entrainement &#8211; Groupe d\u00e9veloppement"},"content":{"rendered":"\n<p>Vous trouverez dans cette page, ci dessous, les manuels de la FFTA \u00e0 destination des archers d\u00e9butants d&rsquo;une part, et confirm\u00e9s d&rsquo;autre part.<\/p>\n\n\n\n<p><a href=\"http:\/\/www.tiralarcpoissy.com\/wp\/archer-initie\/\">Manuel archers d\u00e9butants<\/a><\/p>\n\n\n\n<p><a href=\"http:\/\/www.tiralarcpoissy.com\/wp\/archer-confirme\/\">Manuel archers confirm\u00e9s<\/a><\/p>\n\n\n\n<p>Et pour ceux qui s&rsquo;interrogent sur le campagne :<\/p>\n\n\n\n<p><a href=\"http:\/\/www.tiralarcpoissy.com\/wp\/je_fais_du_tir_en_campagne\/\">Je fais du tir en campagne<\/a><\/p>\n","protected":false},"excerpt":{"rendered":"<p>Vous trouverez dans cette page, ci dessous, les manuels de la FFTA \u00e0 destination des archers d\u00e9butants d&rsquo;une part, et confirm\u00e9s d&rsquo;autre part. Manuel archers d\u00e9butants Manuel archers confirm\u00e9s Et pour ceux qui s&rsquo;interrogent sur le campagne : Je fais du tir en campagne<\/p>\n","protected":false},"author":1,"featured_media":0,"parent":2535,"menu_order":4,"comment_status":"closed","ping_status":"closed","template":"","meta":{"footnotes":""},"_links":{"self":[{"href":"https:\/\/www.tiralarcpoissy.com\/wp\/wp-json\/wp\/v2\/pages\/4286"}],"collection":[{"href":"https:\/\/www.tiralarcpoissy.com\/wp\/wp-json\/wp\/v2\/pages"}],"about":[{"href":"https:\/\/www.tiralarcpoissy.com\/wp\/wp-json\/wp\/v2\/types\/page"}],"author":[{"embeddable":true,"href":"https:\/\/www.tiralarcpoissy.com\/wp\/wp-json\/wp\/v2\/users\/1"}],"replies":[{"embeddable":true,"href":"https:\/\/www.tiralarcpoissy.com\/wp\/wp-json\/wp\/v2\/comments?post=4286"}],"version-history":[{"count":4,"href":"https:\/\/www.tiralarcpoissy.com\/wp\/wp-json\/wp\/v2\/pages\/4286\/revisions"}],"predecessor-version":[{"id":4705,"href":"https:\/\/www.tiralarcpoissy.com\/wp\/wp-json\/wp\/v2\/pages\/4286\/revisions\/4705"}],"up":[{"embeddable":true,"href":"https:\/\/www.tiralarcpoissy.com\/wp\/wp-json\/wp\/v2\/pages\/2535"}],"wp:attachment":[{"href":"https:\/\/www.tiralarcpoissy.com\/wp\/wp-json\/wp\/v2\/media?parent=4286"}],"curies":[{"name":"wp","href":"https:\/\/api.w.org\/{rel}","templated":true}]}}